{"id":28453,"date":"2023-05-23T16:42:25","date_gmt":"2023-05-23T14:42:25","guid":{"rendered":"https:\/\/estudioaequus.com\/?page_id=28453"},"modified":"2023-05-23T16:42:27","modified_gmt":"2023-05-23T14:42:27","slug":"accesibilidad","status":"publish","type":"page","link":"https:\/\/estudioaequus.com\/en\/accesibilidad\/","title":{"rendered":"Declaraci\u00f3n de Accesibilidad"},"content":{"rendered":"\n<p>La presente declaraci\u00f3n de accesibilidad se aplica al sitio web https:\/\/www.aequus.es\/:<\/p>\n\n\n\n<p><strong>SITUACI\u00d3N DE CUMPLIMIENTO<\/strong><\/p>\n\n\n\n<p>Este sitio web es parcialmente conforme con el&nbsp;<a href=\"http:\/\/www.boe.es\/diario_boe\/txt.php?id=BOE-A-2018-12699\" target=\"_blank\" rel=\"noreferrer noopener\"><u><strong>RD 1112\/2018<\/strong><\/u><\/a>&nbsp;debido a las excepciones y a la falta de conformidad de los aspectos que se indican en el siguiente punto.<\/p>\n\n\n\n<p><strong>CONTENIDO NO ACCESIBLE<\/strong><\/p>\n\n\n\n<p>El contenido que se recoge a continuaci\u00f3n no es accesible por lo siguiente:<\/p>\n\n\n\n<ul class=\"wp-block-list\">\n<li>Falta de conformidad con el RD 1112\/2018<\/li>\n<\/ul>\n\n\n\n<p>Podr\u00edan existir algunos aspectos de contraste que no cumplan los m\u00ednimos exigidos, 3:1, con respecto a los colores adyacentes del fondo de la secci\u00f3n de la web en cuesti\u00f3n. [9.1.4.11 Contraste no textual]\n\n\n\n<p>Podr\u00edan existir algunas etiquetas o instrucciones no etiquetadas correctamente [9.3.3.2 Etiquetas o instrucciones]\n\n\n\n<p>Podr\u00edan existir mensajes de estado que no cumplan con los m\u00ednimos exigidos [9.4.1.3 Mensajes de estado]\n\n\n\n<p>Podr\u00edan existir sugerencias ante errores que no cumplan con los m\u00ednimos exigidos [9.3.3.3 Sugerencias ante errores (condicional)]\n\n\n\n<ul class=\"wp-block-list\">\n<li>Podr\u00edan existir fallos puntuales de edici\u00f3n en alguna p\u00e1gina web<\/li>\n<\/ul>\n\n\n\n<p>Carga desproporcionada<\/p>\n\n\n\n<p>No aplica.<\/p>\n\n\n\n<p><strong>PREPARACI\u00d3N DE LA SIGUIENTE DECLARACI\u00d3N DE ACCESIBILIDAD<\/strong><\/p>\n\n\n\n<p>La presente declaraci\u00f3n fue preparada el 22 de mayo de 2023.<\/p>\n\n\n\n<p>El m\u00e9todo empleado para preparar la declaraci\u00f3n ha sido una autoevaluaci\u00f3n llevada a cabo por la propia empresa.<\/p>\n\n\n\n<p><strong>OBSERVACIONES Y DATOS DE CONTACTO<\/strong><\/p>\n\n\n\n<p>Puede realizar comunicaciones sobre requisitos de accesibilidad (art\u00edculo 10.2.a del RD 1112\/2018) como, por ejemplo:<\/p>\n\n\n\n<ul class=\"wp-block-list\">\n<li>Informar sobre cualquier posible incumplimiento por parte de este sitio web<\/li>\n\n\n\n<li>Transmitir otras dificultades de acceso al contenido<\/li>\n\n\n\n<li>Formular cualquier otra consulta o sugerencia de mejora relativa a la accesibilidad del sitio web<\/li>\n<\/ul>\n\n\n\n<p>A trav\u00e9s del&nbsp;email de contacto dpd@aequus.es.<\/p>\n\n\n\n<p>Puede presentar:<\/p>\n\n\n\n<ul class=\"wp-block-list\">\n<li><strong>Queja&nbsp;<\/strong>relativa al cumplimiento de los requisitos del RD 1112\/2018 o<\/li>\n\n\n\n<li><strong>Solicitud de Informaci\u00f3n accesible<\/strong>&nbsp;relativa a:<\/li>\n<\/ul>\n\n\n\n<p>Contenidos&nbsp;que est\u00e1n&nbsp;excluidos&nbsp;del&nbsp;\u00e1mbito de aplicaci\u00f3n&nbsp;del RD 1112\/2018 seg\u00fan lo establecido por el art\u00edculo 3, apartado 4<\/p>\n\n\n\n<p>Contenidos&nbsp;que est\u00e1n&nbsp;exentos&nbsp;del&nbsp;cumplimiento&nbsp;de los requisitos de accesibilidad por imponer una&nbsp;carga desproporcionada.<\/p>\n\n\n\n<p>En la Solicitud de informaci\u00f3n accesible, se debe concretar, con toda claridad, los hechos, razones y petici\u00f3n que permitan constatar que se trata de una solicitud razonable y leg\u00edtima.<\/p>\n\n\n\n<p>Las quejas y reclamaciones sobre informaci\u00f3n accesible&nbsp;se realizar\u00e1n a trav\u00e9s del email anterior.<\/p>\n\n\n\n<p><strong>PROCEDIMIENTO DE APLICACI\u00d3N<\/strong><\/p>\n\n\n\n<p>Si una vez realizada una solicitud de informaci\u00f3n accesible o queja, \u00e9sta hubiera sido desestimada, no se estuviera de acuerdo con la decisi\u00f3n adoptada, o la respuesta no cumpliera los requisitos contemplados en el art\u00edculo 12.5, la persona interesada podr\u00e1 iniciar una reclamaci\u00f3n. Igualmente se podr\u00e1 iniciar una reclamaci\u00f3n en el caso de que haya transcurrido el plazo de veinte d\u00edas h\u00e1biles sin haber obtenido respuesta. &nbsp;<\/p>\n","protected":false},"excerpt":{"rendered":"<p>La presente declaraci\u00f3n de accesibilidad se aplica al sitio web https:\/\/www.aequus.es\/: SITUACI\u00d3N DE CUMPLIMIENTO Este sitio web es parcialmente conforme con el&nbsp;RD 1112\/2018&nbsp;debido a las excepciones y a la falta de conformidad de los aspectos que se indican en el siguiente punto. CONTENIDO NO ACCESIBLE El contenido que se recoge a continuaci\u00f3n no es accesible [&hellip;]<\/p>\n","protected":false},"author":1,"featured_media":0,"parent":0,"menu_order":0,"comment_status":"closed","ping_status":"closed","template":"","meta":{"_et_pb_use_builder":"off","_et_pb_old_content":"","_et_gb_content_width":"","_joinchat":[],"footnotes":""},"class_list":["post-28453","page","type-page","status-publish","hentry"],"yoast_head":"<!-- This site is optimized with the Yoast SEO plugin v27.1.1 - https:\/\/yoast.com\/product\/yoast-seo-wordpress\/ -->\n<title>Declaraci\u00f3n de Accesibilidad - Estudio aequus<\/title>\n<meta name=\"robots\" content=\"index, follow, max-snippet:-1, max-image-preview:large, max-video-preview:-1\" \/>\n<link rel=\"canonical\" href=\"https:\/\/estudioaequus.com\/accesibilidad\/\" \/>\n<meta property=\"og:locale\" content=\"en_US\" \/>\n<meta property=\"og:type\" content=\"article\" \/>\n<meta property=\"og:title\" content=\"Declaraci\u00f3n de Accesibilidad - Estudio aequus\" \/>\n<meta property=\"og:description\" content=\"La presente declaraci\u00f3n de accesibilidad se aplica al sitio web https:\/\/www.aequus.es\/: SITUACI\u00d3N DE CUMPLIMIENTO Este sitio web es parcialmente conforme con el&nbsp;RD 1112\/2018&nbsp;debido a las excepciones y a la falta de conformidad de los aspectos que se indican en el siguiente punto. CONTENIDO NO ACCESIBLE El contenido que se recoge a continuaci\u00f3n no es accesible [&hellip;]\" \/>\n<meta property=\"og:url\" content=\"https:\/\/estudioaequus.com\/accesibilidad\/\" \/>\n<meta property=\"og:site_name\" content=\"Estudio aequus\" \/>\n<meta property=\"article:modified_time\" content=\"2023-05-23T14:42:27+00:00\" \/>\n<meta name=\"twitter:card\" content=\"summary_large_image\" \/>\n<meta name=\"twitter:label1\" content=\"Est. reading time\" \/>\n\t<meta name=\"twitter:data1\" content=\"2 minutes\" \/>\n<!-- \/ Yoast SEO plugin. -->","yoast_head_json":{"title":"Declaraci\u00f3n de Accesibilidad - Estudio aequus","robots":{"index":"index","follow":"follow","max-snippet":"max-snippet:-1","max-image-preview":"max-image-preview:large","max-video-preview":"max-video-preview:-1"},"canonical":"https:\/\/estudioaequus.com\/accesibilidad\/","og_locale":"en_US","og_type":"article","og_title":"Declaraci\u00f3n de Accesibilidad - Estudio aequus","og_description":"La presente declaraci\u00f3n de accesibilidad se aplica al sitio web https:\/\/www.aequus.es\/: SITUACI\u00d3N DE CUMPLIMIENTO Este sitio web es parcialmente conforme con el&nbsp;RD 1112\/2018&nbsp;debido a las excepciones y a la falta de conformidad de los aspectos que se indican en el siguiente punto. CONTENIDO NO ACCESIBLE El contenido que se recoge a continuaci\u00f3n no es accesible [&hellip;]","og_url":"https:\/\/estudioaequus.com\/accesibilidad\/","og_site_name":"Estudio aequus","article_modified_time":"2023-05-23T14:42:27+00:00","twitter_card":"summary_large_image","twitter_misc":{"Est. reading time":"2 minutes"},"schema":{"@context":"https:\/\/schema.org","@graph":[{"@type":"WebPage","@id":"https:\/\/estudioaequus.com\/accesibilidad\/","url":"https:\/\/estudioaequus.com\/accesibilidad\/","name":"Declaraci\u00f3n de Accesibilidad - Estudio aequus","isPartOf":{"@id":"https:\/\/estudioaequus.com\/#website"},"datePublished":"2023-05-23T14:42:25+00:00","dateModified":"2023-05-23T14:42:27+00:00","breadcrumb":{"@id":"https:\/\/estudioaequus.com\/accesibilidad\/#breadcrumb"},"inLanguage":"en-US","potentialAction":[{"@type":"ReadAction","target":["https:\/\/estudioaequus.com\/accesibilidad\/"]}]},{"@type":"BreadcrumbList","@id":"https:\/\/estudioaequus.com\/accesibilidad\/#breadcrumb","itemListElement":[{"@type":"ListItem","position":1,"name":"Portada","item":"https:\/\/estudioaequus.com\/en\/pilates-palma-de-mallorca\/"},{"@type":"ListItem","position":2,"name":"Declaraci\u00f3n de Accesibilidad"}]},{"@type":"WebSite","@id":"https:\/\/estudioaequus.com\/#website","url":"https:\/\/estudioaequus.com\/","name":"Estudio aequus","description":"Estudio de Pilates en Palma","potentialAction":[{"@type":"SearchAction","target":{"@type":"EntryPoint","urlTemplate":"https:\/\/estudioaequus.com\/?s={search_term_string}"},"query-input":{"@type":"PropertyValueSpecification","valueRequired":true,"valueName":"search_term_string"}}],"inLanguage":"en-US"}]}},"_links":{"self":[{"href":"https:\/\/estudioaequus.com\/en\/wp-json\/wp\/v2\/pages\/28453","targetHints":{"allow":["GET"]}}],"collection":[{"href":"https:\/\/estudioaequus.com\/en\/wp-json\/wp\/v2\/pages"}],"about":[{"href":"https:\/\/estudioaequus.com\/en\/wp-json\/wp\/v2\/types\/page"}],"author":[{"embeddable":true,"href":"https:\/\/estudioaequus.com\/en\/wp-json\/wp\/v2\/users\/1"}],"replies":[{"embeddable":true,"href":"https:\/\/estudioaequus.com\/en\/wp-json\/wp\/v2\/comments?post=28453"}],"version-history":[{"count":1,"href":"https:\/\/estudioaequus.com\/en\/wp-json\/wp\/v2\/pages\/28453\/revisions"}],"predecessor-version":[{"id":28454,"href":"https:\/\/estudioaequus.com\/en\/wp-json\/wp\/v2\/pages\/28453\/revisions\/28454"}],"wp:attachment":[{"href":"https:\/\/estudioaequus.com\/en\/wp-json\/wp\/v2\/media?parent=28453"}],"curies":[{"name":"wp","href":"https:\/\/api.w.org\/{rel}","templated":true}]}}