{"id":894,"date":"2022-10-07T10:06:45","date_gmt":"2022-10-07T08:06:45","guid":{"rendered":"https:\/\/marketingpamplonaenproceso.com\/fisioterapia\/?page_id=894"},"modified":"2023-03-01T11:41:27","modified_gmt":"2023-03-01T10:41:27","slug":"gracias","status":"publish","type":"page","link":"https:\/\/estudioaequus.com\/en\/gracias\/","title":{"rendered":"Gracias"},"content":{"rendered":"[et_pb_section fb_built=&#8221;1&#8243; custom_padding_last_edited=&#8221;on|phone&#8221; _builder_version=&#8221;4.20.0&#8243; _module_preset=&#8221;default&#8221; background_enable_color=&#8221;off&#8221; use_background_color_gradient=&#8221;on&#8221; background_color_gradient_stops=&#8221;#ffffff 0%|rgba(0,0,0,0.3) 100%&#8221; background_image=&#8221;https:\/\/estudioaequus.com\/wp-content\/uploads\/2023\/03\/estudio-de-pilates-en-palma-de-mallorca.jpg&#8221; background_blend=&#8221;multiply&#8221; custom_padding=&#8221;100px||50px||false|false&#8221; custom_padding_tablet=&#8221;350px||250px||false|false&#8221; custom_padding_phone=&#8221;100px||50px||false|false&#8221; hover_enabled=&#8221;0&#8243; locked=&#8221;off&#8221; global_colors_info=&#8221;{}&#8221; alt=&#8221;estudio de pilates en palma de mallorca&#8221; title_text=&#8221;estudio-de-pilates-en-palma-de-mallorca&#8221; sticky_enabled=&#8221;0&#8243;][et_pb_row _builder_version=&#8221;4.18.0&#8243; _module_preset=&#8221;default&#8221; global_colors_info=&#8221;{}&#8221;][et_pb_column type=&#8221;4_4&#8243; _builder_version=&#8221;4.18.0&#8243; _module_preset=&#8221;default&#8221; global_colors_info=&#8221;{}&#8221;][et_pb_text _builder_version=&#8221;4.18.0&#8243; _module_preset=&#8221;default&#8221; text_font=&#8221;|700|||||||&#8221; text_text_color=&#8221;#FFFFFF&#8221; text_font_size=&#8221;74px&#8221; header_font=&#8221;|600||on|||||&#8221; header_text_align=&#8221;center&#8221; header_text_color=&#8221;#FFFFFF&#8221; header_font_size=&#8221;64px&#8221; text_orientation=&#8221;center&#8221; text_font_size_tablet=&#8221;74px&#8221; text_font_size_phone=&#8221;40px&#8221; text_font_size_last_edited=&#8221;on|phone&#8221; header_font_size_tablet=&#8221;74px&#8221; header_font_size_phone=&#8221;30px&#8221; header_font_size_last_edited=&#8221;on|phone&#8221; global_colors_info=&#8221;{}&#8221; content_font_size_tablet=&#8221;74px&#8221; content_font_size_phone=&#8221;40px&#8221; content_font_size_last_edited=&#8221;on|phone&#8221;]\n<h1>Gracias<\/h1>\n[\/et_pb_text][\/et_pb_column][\/et_pb_row][\/et_pb_section][et_pb_section fb_built=&#8221;1&#8243; _builder_version=&#8221;4.18.0&#8243; _module_preset=&#8221;default&#8221; background_image=&#8221;https:\/\/estudioaequus.com\/wp-content\/uploads\/2022\/09\/h6-bckr-1.jpeg&#8221; background_position=&#8221;top_center&#8221; locked=&#8221;off&#8221; global_colors_info=&#8221;{}&#8221;][et_pb_row _builder_version=&#8221;4.18.0&#8243; _module_preset=&#8221;default&#8221; width=&#8221;85%&#8221; global_colors_info=&#8221;{}&#8221;][et_pb_column type=&#8221;4_4&#8243; _builder_version=&#8221;4.18.0&#8243; _module_preset=&#8221;default&#8221; global_colors_info=&#8221;{}&#8221;][et_pb_text _builder_version=&#8221;4.20.0&#8243; _module_preset=&#8221;default&#8221; text_font=&#8221;Roboto Slab|700|||||||&#8221; text_text_color=&#8221;#0d91a2&#8243; text_font_size=&#8221;25px&#8221; header_2_font=&#8221;|600|||||||&#8221; header_2_font_size=&#8221;55px&#8221; text_font_size_tablet=&#8221;25px&#8221; text_font_size_phone=&#8221;20px&#8221; text_font_size_last_edited=&#8221;on|phone&#8221; header_2_font_size_tablet=&#8221;65px&#8221; header_2_font_size_phone=&#8221;30px&#8221; header_2_font_size_last_edited=&#8221;on|phone&#8221; global_colors_info=&#8221;{}&#8221; sticky_enabled=&#8221;0&#8243;]\n<p style=\"text-align: center; margin-bottom: 1%;\" class=\"manuscrita\">Gracias por contactar con nosotros<\/p>\n<h2 style=\"text-align: center;\"><span>Formulario recibido<\/span><\/h2>\n[\/et_pb_text][et_pb_text _builder_version=&#8221;4.20.0&#8243; _module_preset=&#8221;default&#8221; text_font=&#8221;|300|||||||&#8221; text_orientation=&#8221;center&#8221; hover_enabled=&#8221;0&#8243; global_colors_info=&#8221;{}&#8221; sticky_enabled=&#8221;0&#8243;]\n<p class=\"p1\">Hemos recibido su formulario de contacto, nos pondremos en contacto con usted en menos de 24\/48 horas.<\/p>\n<p class=\"p1\">Si por el contrario necesitas m\u00e1s informaci\u00f3n en un periodo m\u00e1s corto, puedes contactarnos en el n\u00famero 673 91 32 24 estaremos encantados de atenderle.<\/p>\n[\/et_pb_text][et_pb_button button_url=&#8221;https:\/\/estudioaequus.com\/&#8221; button_text=&#8221;Volver a la home&#8221; button_alignment=&#8221;center&#8221; _builder_version=&#8221;4.20.0&#8243; _module_preset=&#8221;default&#8221; custom_button=&#8221;on&#8221; button_text_color=&#8221;#ffffff&#8221; button_bg_color=&#8221;#0e327b&#8221; button_border_width=&#8221;0px&#8221; button_border_radius=&#8221;10px&#8221; button_use_icon=&#8221;off&#8221; custom_margin=&#8221;3%||||false|false&#8221; global_colors_info=&#8221;{}&#8221; button_text_color__hover=&#8221;#0e327b&#8221; button_text_color__hover_enabled=&#8221;on|hover&#8221; button_bg_color__hover=&#8221;#FFFFFF&#8221; button_bg_color__hover_enabled=&#8221;on|desktop&#8221; custom_padding=&#8221;|50px||50px|false|true&#8221; hover_enabled=&#8221;0&#8243; sticky_enabled=&#8221;0&#8243;][\/et_pb_button][\/et_pb_column][\/et_pb_row][\/et_pb_section]\n","protected":false},"excerpt":{"rendered":"<p>GraciasGracias por contactar con nosotros Formulario recibidoHemos recibido su formulario de contacto, nos pondremos en contacto con usted en menos de 24\/48 horas. Si por el contrario necesitas m\u00e1s informaci\u00f3n en un periodo m\u00e1s corto, puedes contactarnos en el n\u00famero 673 91 32 24 estaremos encantados de atenderle.<\/p>\n","protected":false},"author":1,"featured_media":0,"parent":0,"menu_order":0,"comment_status":"closed","ping_status":"closed","template":"","meta":{"_et_pb_use_builder":"on","_et_pb_old_content":"","_et_gb_content_width":"","_joinchat":[],"footnotes":""},"class_list":["post-894","page","type-page","status-publish","hentry"],"yoast_head":"<!-- This site is optimized with the Yoast SEO plugin v27.4 - https:\/\/yoast.com\/product\/yoast-seo-wordpress\/ -->\n<title>Gracias - Estudio aequus<\/title>\n<meta name=\"robots\" content=\"index, follow, max-snippet:-1, max-image-preview:large, max-video-preview:-1\" \/>\n<link rel=\"canonical\" href=\"https:\/\/estudioaequus.com\/gracias\/\" \/>\n<meta property=\"og:locale\" content=\"en_US\" \/>\n<meta property=\"og:type\" content=\"article\" \/>\n<meta property=\"og:title\" content=\"Gracias - Estudio aequus\" \/>\n<meta property=\"og:description\" content=\"GraciasGracias por contactar con nosotros Formulario recibidoHemos recibido su formulario de contacto, nos pondremos en contacto con usted en menos de 24\/48 horas. Si por el contrario necesitas m\u00e1s informaci\u00f3n en un periodo m\u00e1s corto, puedes contactarnos en el n\u00famero 673 91 32 24 estaremos encantados de atenderle.\" \/>\n<meta property=\"og:url\" content=\"https:\/\/estudioaequus.com\/gracias\/\" \/>\n<meta property=\"og:site_name\" content=\"Estudio aequus\" \/>\n<meta property=\"article:modified_time\" content=\"2023-03-01T10:41:27+00:00\" \/>\n<meta name=\"twitter:card\" content=\"summary_large_image\" \/>\n<!-- \/ Yoast SEO plugin. -->","yoast_head_json":{"title":"Gracias - Estudio aequus","robots":{"index":"index","follow":"follow","max-snippet":"max-snippet:-1","max-image-preview":"max-image-preview:large","max-video-preview":"max-video-preview:-1"},"canonical":"https:\/\/estudioaequus.com\/gracias\/","og_locale":"en_US","og_type":"article","og_title":"Gracias - Estudio aequus","og_description":"GraciasGracias por contactar con nosotros Formulario recibidoHemos recibido su formulario de contacto, nos pondremos en contacto con usted en menos de 24\/48 horas. Si por el contrario necesitas m\u00e1s informaci\u00f3n en un periodo m\u00e1s corto, puedes contactarnos en el n\u00famero 673 91 32 24 estaremos encantados de atenderle.","og_url":"https:\/\/estudioaequus.com\/gracias\/","og_site_name":"Estudio aequus","article_modified_time":"2023-03-01T10:41:27+00:00","twitter_card":"summary_large_image","schema":{"@context":"https:\/\/schema.org","@graph":[{"@type":"WebPage","@id":"https:\/\/estudioaequus.com\/gracias\/","url":"https:\/\/estudioaequus.com\/gracias\/","name":"Gracias - Estudio aequus","isPartOf":{"@id":"https:\/\/estudioaequus.com\/#website"},"datePublished":"2022-10-07T08:06:45+00:00","dateModified":"2023-03-01T10:41:27+00:00","breadcrumb":{"@id":"https:\/\/estudioaequus.com\/gracias\/#breadcrumb"},"inLanguage":"en-US","potentialAction":[{"@type":"ReadAction","target":["https:\/\/estudioaequus.com\/gracias\/"]}]},{"@type":"BreadcrumbList","@id":"https:\/\/estudioaequus.com\/gracias\/#breadcrumb","itemListElement":[{"@type":"ListItem","position":1,"name":"Portada","item":"https:\/\/estudioaequus.com\/en\/pilates-palma-de-mallorca\/"},{"@type":"ListItem","position":2,"name":"Gracias"}]},{"@type":"WebSite","@id":"https:\/\/estudioaequus.com\/#website","url":"https:\/\/estudioaequus.com\/","name":"Estudio aequus","description":"Estudio de Pilates en Palma","potentialAction":[{"@type":"SearchAction","target":{"@type":"EntryPoint","urlTemplate":"https:\/\/estudioaequus.com\/?s={search_term_string}"},"query-input":{"@type":"PropertyValueSpecification","valueRequired":true,"valueName":"search_term_string"}}],"inLanguage":"en-US"}]}},"_links":{"self":[{"href":"https:\/\/estudioaequus.com\/en\/wp-json\/wp\/v2\/pages\/894","targetHints":{"allow":["GET"]}}],"collection":[{"href":"https:\/\/estudioaequus.com\/en\/wp-json\/wp\/v2\/pages"}],"about":[{"href":"https:\/\/estudioaequus.com\/en\/wp-json\/wp\/v2\/types\/page"}],"author":[{"embeddable":true,"href":"https:\/\/estudioaequus.com\/en\/wp-json\/wp\/v2\/users\/1"}],"replies":[{"embeddable":true,"href":"https:\/\/estudioaequus.com\/en\/wp-json\/wp\/v2\/comments?post=894"}],"version-history":[{"count":3,"href":"https:\/\/estudioaequus.com\/en\/wp-json\/wp\/v2\/pages\/894\/revisions"}],"predecessor-version":[{"id":27531,"href":"https:\/\/estudioaequus.com\/en\/wp-json\/wp\/v2\/pages\/894\/revisions\/27531"}],"wp:attachment":[{"href":"https:\/\/estudioaequus.com\/en\/wp-json\/wp\/v2\/media?parent=894"}],"curies":[{"name":"wp","href":"https:\/\/api.w.org\/{rel}","templated":true}]}}